{"id":4304,"date":"2024-01-09T15:34:21","date_gmt":"2024-01-09T19:34:21","guid":{"rendered":"https:\/\/drugfreeworkplace.cl\/?page_id=4304"},"modified":"2025-04-24T16:32:34","modified_gmt":"2025-04-24T20:32:34","slug":"contacto","status":"publish","type":"page","link":"https:\/\/drugfreeworkplace.cl\/en\/contacto\/","title":{"rendered":"Contact"},"content":{"rendered":"<div data-elementor-type=\"wp-page\" data-elementor-id=\"4304\" class=\"elementor elementor-4304\" data-elementor-settings=\"{&quot;ha_cmc_init_switcher&quot;:&quot;no&quot;}\" data-elementor-post-type=\"page\">\n\t\t\t\t\t\t<section data-marvy_enable_fancy_rotate=\"false\" class=\"elementor-section elementor-top-section elementor-element elementor-element-2530b08a elementor-section-height-min-height elementor-section-stretched elementor-section-full_width elementor-section-height-default elementor-section-items-middle\" data-id=\"2530b08a\" data-element_type=\"section\" data-settings=\"{&quot;stretch_section&quot;:&quot;section-stretched&quot;,&quot;background_background&quot;:&quot;classic&quot;,&quot;_ha_eqh_enable&quot;:false}\">\n\t\t\t\t\t\t\t<div class=\"elementor-background-overlay\"><\/div>\n\t\t\t\t\t\t\t<div class=\"elementor-container elementor-column-gap-default\">\n\t\t\t\t\t<div class=\"elementor-column elementor-col-100 elementor-top-column elementor-element elementor-element-3d131289\" data-id=\"3d131289\" data-element_type=\"column\">\n\t\t\t<div class=\"elementor-widget-wrap elementor-element-populated\">\n\t\t\t\t\t\t<section data-marvy_enable_fancy_rotate=\"false\" class=\"elementor-section elementor-inner-section elementor-element elementor-element-5c9adc39 elementor-section-full_width elementor-reverse-mobile elementor-section-height-default elementor-section-height-default\" data-id=\"5c9adc39\" data-element_type=\"section\" data-settings=\"{&quot;_ha_eqh_enable&quot;:false}\">\n\t\t\t\t\t\t<div class=\"elementor-container elementor-column-gap-default\">\n\t\t\t\t\t<div class=\"elementor-column elementor-col-33 elementor-inner-column elementor-element elementor-element-c8f575a\" data-id=\"c8f575a\" data-element_type=\"column\">\n\t\t\t<div class=\"elementor-widget-wrap elementor-element-populated\">\n\t\t\t\t\t\t<div class=\"elementor-element elementor-element-29e351db elementor-widget elementor-widget-heading\" data-id=\"29e351db\" data-element_type=\"widget\" data-widget_type=\"heading.default\">\n\t\t\t\t<div class=\"elementor-widget-container\">\n\t\t\t\t\t<h2 class=\"elementor-heading-title elementor-size-default\">CONTACT US<\/h2>\t\t\t\t<\/div>\n\t\t\t\t<\/div>\n\t\t\t\t<div class=\"elementor-element elementor-element-05f86f3 elementor-widget elementor-widget-html\" data-id=\"05f86f3\" data-element_type=\"widget\" data-widget_type=\"html.default\">\n\t\t\t\t<div class=\"elementor-widget-container\">\n\t\t\t\t\t<!--  ----------------------------------------------------------------------  -->\n<!--  NOTE: Please add the following <META> element to your page <HEAD>.      -->\n<!--  If necessary, please modify the charset parameter to specify the        -->\n<!--  character set of your HTML page.                                        -->\n<!--  ----------------------------------------------------------------------  -->\n\n<!--  ----------------------------------------------------------------------  -->\n<!--  NOTE: Please add the following <FORM> element to your page.             -->\n<!--  ----------------------------------------------------------------------  -->\n<script>\n function timestamp() {\n   var response = document.getElementById(\"g-recaptcha-response\");\n   if (response == null || response.value.trim() == \"\") {\n     var elems = JSON.parse(document.getElementsByName(\"captcha_settings\")[0].value);\n     elems[\"ts\"] = JSON.stringify(new Date().getTime());\n     document.getElementsByName(\"captcha_settings\")[0].value = JSON.stringify(elems);\n   }\n }\n setInterval(timestamp, 500);\n<\/script>\n\n<form action=\"https:\/\/webto.salesforce.com\/servlet\/servlet.WebToLead?encoding=UTF-8&orgId=00D5e000001QFYI\" method=\"POST\" class=\"form-container\">\n\n  <input type=\"hidden\" name=\"captcha_settings\" value='{\"keyname\":\"gp_invisible_v2\",\"fallback\":\"true\",\"orgId\":\"00D5e000001QFYI\",\"ts\":\"\"}'>\n  <input type=\"hidden\" name=\"oid\" value=\"00D5e000001QFYI\">\n  <input type=\"hidden\" name=\"retURL\" value=\"https:\/\/globalpartners.cl\/gracias\/\">\n\n  <div class=\"form-row\">\n    <div class=\"form-group\">\n      <label for=\"first_name\">Name <span class=\"required\">*<\/span><\/label>\n      <input id=\"first_name\" maxlength=\"40\" name=\"first_name\" size=\"20\" type=\"text\" class=\"input-field\" required \/>\n    <\/div>\n\n    <div class=\"form-group\">\n      <label for=\"last_name\">Last name <span class=\"required\">*<\/span><\/label>\n      <input id=\"last_name\" maxlength=\"80\" name=\"last_name\" size=\"20\" type=\"text\" class=\"input-field\" required \/>\n    <\/div>\n  <\/div>\n\n  <div class=\"form-group\">\n    <label for=\"company\">Company <span class=\"required\">*<\/span><\/label>\n    <input id=\"company\" maxlength=\"40\" name=\"company\" size=\"20\" type=\"text\" class=\"input-field\" required \/>\n  <\/div>\n\n  <div class=\"form-row\">\n    <div class=\"form-group\">\n      <label for=\"phone\">Phone <span class=\"required\">*<\/span><\/label>\n      <input id=\"phone\" maxlength=\"40\" name=\"phone\" size=\"20\" type=\"text\" class=\"input-field\" required \/>\n    <\/div>\n\n    <div class=\"form-group\">\n      <label for=\"email\">Email <span class=\"required\">*<\/span><\/label>\n      <input id=\"email\" maxlength=\"80\" name=\"email\" size=\"20\" type=\"text\" class=\"input-field\" required \/>\n    <\/div>\n  <\/div>\n\n  <div class=\"form-group\">\n    <label for=\"00NQi000001kia9\">Message <span class=\"required\">*<\/span><\/label>\n    <textarea id=\"00NQi000001kia9\" name=\"00NQi000001kia9\" type=\"text\" wrap=\"soft\" class=\"input-field\" maxlength=\"100\" required onpaste=\"return false;\"><\/textarea>\n    <span class=\"span-limit-txt\">The limit is 100 characters. Pasting text is not allowed.<\/span>\n  <\/div>\n\n  <!-- Campos ocultos -->\n  <select id=\"lead_source\" name=\"lead_source\">\n    <option value=\"Website\" selected>Website<\/option>\n  <\/select>\n\n  <select class=\"select-interes\" id=\"00N5e00000f2d3C\" name=\"00N5e00000f2d3C\" title=\"Inter\u00e9s\">\n    <option value=\"Alcohol &amp; Drogas\" selected>Alcohol &amp; Drogas<\/option>\n  <\/select>\n\n  <div class=\"g-recaptcha\" data-sitekey=\"6Le0bisqAAAAALQtwyU0zquyEVZp4_BYTuMwmfHj\"><\/div><br>\n  <input type=\"submit\" name=\"submit\" class=\"submit-button\">\n<\/form>\n\n<script>\n  \/\/ Bloquear pegado desde men\u00fa contextual\n  document.addEventListener('DOMContentLoaded', function () {\n    var mensajeField = document.getElementById(\"00NQi000001kia9\");\n    mensajeField.addEventListener(\"paste\", function (e) {\n      e.preventDefault();\n    });\n  });\n<\/script>\t\t\t\t<\/div>\n\t\t\t\t<\/div>\n\t\t\t\t<div class=\"elementor-element elementor-element-2c95cc98 elementor-hidden-desktop elementor-hidden-laptop elementor-hidden-tablet elementor-hidden-mobile elementor-widget elementor-widget-wpforms\" data-id=\"2c95cc98\" data-element_type=\"widget\" data-widget_type=\"wpforms.default\">\n\t\t\t\t<div class=\"elementor-widget-container\">\n\t\t\t\t\t<div class=\"wpforms-container wpforms-container-full\" id=\"wpforms-2255\"><form id=\"wpforms-form-2255\" class=\"wpforms-validate wpforms-form wpforms-ajax-form\" data-formid=\"2255\" method=\"post\" enctype=\"multipart\/form-data\" action=\"\/en\/wp-json\/wp\/v2\/pages\/4304\" data-token=\"74dad4087afe9e38cc37f729c7a57622\" data-trp-original-action=\"\/en\/wp-json\/wp\/v2\/pages\/4304\"><noscript class=\"wpforms-error-noscript\">Please enable JavaScript in your browser to complete this form.<\/noscript><div class=\"wpforms-field-container\"><div id=\"wpforms-2255-field_6-container\" class=\"wpforms-field wpforms-field-name\" data-field-id=\"6\"><label class=\"wpforms-field-label\" for=\"wpforms-2255-field_6\">Name <span class=\"wpforms-required-label\">*<\/span><\/label><div class=\"wpforms-field-row wpforms-field-large\"><div class=\"wpforms-field-row-block wpforms-first wpforms-one-half\"><input type=\"text\" id=\"wpforms-2255-field_6\" class=\"wpforms-field-name-first wpforms-field-required\" name=\"wpforms[fields][6][first]\" placeholder=\"Name\" required><label for=\"wpforms-2255-field_6\" class=\"wpforms-field-sublabel after wpforms-sublabel-hide\">First<\/label><\/div><div class=\"wpforms-field-row-block wpforms-one-half\"><input type=\"text\" id=\"wpforms-2255-field_6-last\" class=\"wpforms-field-name-last wpforms-field-required\" name=\"wpforms[fields][6][last]\" placeholder=\"Last name\" required><label for=\"wpforms-2255-field_6-last\" class=\"wpforms-field-sublabel after wpforms-sublabel-hide\">Last<\/label><\/div><\/div><\/div><div id=\"wpforms-2255-field_4-container\" class=\"wpforms-field wpforms-field-text\" data-field-id=\"4\"><label class=\"wpforms-field-label\" for=\"wpforms-2255-field_4\">Company <span class=\"wpforms-required-label\">*<\/span><\/label><input type=\"text\" id=\"wpforms-2255-field_4\" class=\"wpforms-field-large wpforms-field-required\" name=\"wpforms[fields][4]\" required><\/div><div id=\"wpforms-2255-field_7-container\" class=\"wpforms-field wpforms-field-phone wpforms-one-half wpforms-first\" data-field-id=\"7\"><label class=\"wpforms-field-label\" for=\"wpforms-2255-field_7\">Phone <span class=\"wpforms-required-label\">*<\/span><\/label><input type=\"tel\" id=\"wpforms-2255-field_7\" class=\"wpforms-field-large wpforms-field-required wpforms-smart-phone-field\" data-rule-smart-phone-field=\"true\" name=\"wpforms[fields][7]\" placeholder=\"9 78563412\" required><\/div><div id=\"wpforms-2255-field_1-container\" class=\"wpforms-field wpforms-field-email wpforms-one-half\" data-field-id=\"1\"><label class=\"wpforms-field-label\" for=\"wpforms-2255-field_1\">Email <span class=\"wpforms-required-label\">*<\/span><\/label><input type=\"email\" id=\"wpforms-2255-field_1\" class=\"wpforms-field-large wpforms-field-required\" name=\"wpforms[fields][1]\" required><\/div><div id=\"wpforms-2255-field_2-container\" class=\"wpforms-field wpforms-field-textarea\" data-field-id=\"2\"><label class=\"wpforms-field-label\" for=\"wpforms-2255-field_2\">Message <span class=\"wpforms-required-label\">*<\/span><\/label><textarea id=\"wpforms-2255-field_2\" class=\"wpforms-field-large wpforms-field-required\" name=\"wpforms[fields][2]\" required><\/textarea><\/div><\/div><div class=\"wpforms-recaptcha-container wpforms-is-recaptcha\"><div class=\"g-recaptcha\" data-sitekey=\"6Le3IC0rAAAAAAycpuMPlG7cVya2Lj9cExoymqr3\"><\/div><input type=\"text\" name=\"g-recaptcha-hidden\" class=\"wpforms-recaptcha-hidden\" style=\"position:absolute!important;clip:rect(0,0,0,0)!important;height:1px!important;width:1px!important;border:0!important;overflow:hidden!important;padding:0!important;margin:0!important;\" required><\/div><div class=\"wpforms-submit-container\"><input type=\"hidden\" name=\"wpforms[id]\" value=\"2255\"><input type=\"hidden\" name=\"wpforms[author]\" value=\"5\"><button type=\"submit\" name=\"wpforms[submit]\" id=\"wpforms-submit-2255\" class=\"wpforms-submit btn-submit\" data-alt-text=\"Enviando...\" data-submit-text=\"Enviar\" aria-live=\"assertive\" value=\"wpforms-submit\">Send<\/button><img decoding=\"async\" src=\"https:\/\/drugfreeworkplace.cl\/wp-content\/plugins\/wpforms\/assets\/images\/submit-spin.svg\" class=\"wpforms-submit-spinner\" style=\"display: none;\" width=\"26\" height=\"26\" alt=\"Loading\" title=\"\"><\/div><input type=\"hidden\" name=\"trp-form-language\" value=\"en\"\/><\/form><\/div>  <!-- .wpforms-container -->\t\t\t\t<\/div>\n\t\t\t\t<\/div>\n\t\t\t\t\t<\/div>\n\t\t<\/div>\n\t\t\t\t<div class=\"elementor-column elementor-col-66 elementor-inner-column elementor-element elementor-element-72bd3e76\" data-id=\"72bd3e76\" data-element_type=\"column\">\n\t\t\t<div class=\"elementor-widget-wrap elementor-element-populated\">\n\t\t\t\t\t\t<div class=\"elementor-element elementor-element-8868b07 elementor-align-left elementor-icon-list--layout-traditional elementor-list-item-link-full_width elementor-widget elementor-widget-icon-list\" data-id=\"8868b07\" data-element_type=\"widget\" data-widget_type=\"icon-list.default\">\n\t\t\t\t<div class=\"elementor-widget-container\">\n\t\t\t\t\t\t\t<ul class=\"elementor-icon-list-items\">\n\t\t\t\t\t\t\t<li class=\"elementor-icon-list-item\">\n\t\t\t\t\t\t\t\t\t\t\t<a href=\"tel:56229465116\">\n\n\t\t\t\t\t\t\t\t\t\t\t\t<span class=\"elementor-icon-list-icon\">\n\t\t\t\t\t\t\t<i aria-hidden=\"true\" class=\"fas fa-phone-alt\"><\/i>\t\t\t\t\t\t<\/span>\n\t\t\t\t\t\t\t\t\t\t<span class=\"elementor-icon-list-text\">(562) 29465116<\/span>\n\t\t\t\t\t\t\t\t\t\t\t<\/a>\n\t\t\t\t\t\t\t\t\t<\/li>\n\t\t\t\t\t\t\t\t<li class=\"elementor-icon-list-item\">\n\t\t\t\t\t\t\t\t\t\t\t<a href=\"https:\/\/goo.gl\/maps\/hgyWNbtfRsrjV41JA\" target=\"_blank\" rel=\"noopener\">\n\n\t\t\t\t\t\t\t\t\t\t\t\t<span class=\"elementor-icon-list-icon\">\n\t\t\t\t\t\t\t<i aria-hidden=\"true\" class=\"fas fa-map-marker-alt\"><\/i>\t\t\t\t\t\t<\/span>\n\t\t\t\t\t\t\t\t\t\t<span class=\"elementor-icon-list-text\">Lota N\u00b0 2257, piso 9<br \/>Providencia, Santiago \u2013 Chile<\/span>\n\t\t\t\t\t\t\t\t\t\t\t<\/a>\n\t\t\t\t\t\t\t\t\t<\/li>\n\t\t\t\t\t\t\t\t<li class=\"elementor-icon-list-item\">\n\t\t\t\t\t\t\t\t\t\t\t<a href=\"mailto:info@globalpartners.cl\">\n\n\t\t\t\t\t\t\t\t\t\t\t\t<span class=\"elementor-icon-list-icon\">\n\t\t\t\t\t\t\t<i aria-hidden=\"true\" class=\"fas fa-envelope\"><\/i>\t\t\t\t\t\t<\/span>\n\t\t\t\t\t\t\t\t\t\t<span class=\"elementor-icon-list-text\">info@globalpartners.cl<\/span>\n\t\t\t\t\t\t\t\t\t\t\t<\/a>\n\t\t\t\t\t\t\t\t\t<\/li>\n\t\t\t\t\t\t<\/ul>\n\t\t\t\t\t\t<\/div>\n\t\t\t\t<\/div>\n\t\t\t\t<div class=\"elementor-element elementor-element-2f79d44f elementor-widget elementor-widget-ha-social-icons happy-addon ha-social-icons\" data-id=\"2f79d44f\" data-element_type=\"widget\" data-widget_type=\"ha-social-icons.default\">\n\t\t\t\t<div class=\"elementor-widget-container\">\n\t\t\t\t\t\t\t<div class=\"ha-social-icons-wrapper\">\n\t\t\t\t\t\t\t<a href=\"https:\/\/web.facebook.com\/globalpartners.cl?fref=ts&#038;_rdc=1&#038;_rdr\" target=\"_blank\" class=\"ha-social-icon elementor-repeater-item-6f3dfeb  elementor-social-icon-facebook ha-social-icon--network\" rel=\"noopener\">\n\t\t\t\t\t<i class=\"fab fa-facebook\"><\/i>\t\t\t\t<\/a>\n\t\t\t\t\t\t\t\t<a href=\"https:\/\/www.linkedin.com\/company\/global-partners-ltda.\/\" target=\"_blank\" class=\"ha-social-icon elementor-repeater-item-78e1ae2  elementor-social-icon-linkedin ha-social-icon--network\" rel=\"noopener\">\n\t\t\t\t\t<i class=\"fab fa-linkedin\"><\/i>\t\t\t\t<\/a>\n\t\t\t\t\t\t\t\t<a href=\"https:\/\/twitter.com\/globalpartner1\" target=\"_blank\" class=\"ha-social-icon elementor-repeater-item-02a7e73  elementor-social-icon-twitter ha-social-icon--network\" rel=\"noopener\">\n\t\t\t\t\t<i class=\"fab fa-twitter\"><\/i>\t\t\t\t<\/a>\n\t\t\t\t\t\t\t\t<a href=\"https:\/\/www.youtube.com\/user\/globalpartners1\" target=\"_blank\" class=\"ha-social-icon elementor-repeater-item-3b16bf2  elementor-social-icon-youtube ha-social-icon--network\" rel=\"noopener\">\n\t\t\t\t\t<i class=\"fab fa-youtube\"><\/i>\t\t\t\t<\/a>\n\t\t\t\t\t\t\t\t<a href=\"https:\/\/www.instagram.com\/globalpartnerschile\/?hl=es-la\" target=\"_blank\" class=\"ha-social-icon elementor-repeater-item-1fc2e7e  elementor-social-icon-instagram ha-social-icon--network\" rel=\"noopener\">\n\t\t\t\t\t<i class=\"fab fa-instagram\"><\/i>\t\t\t\t<\/a>\n\t\t\t\t\t\t<\/div>\n\t\t\t\t\t\t<\/div>\n\t\t\t\t<\/div>\n\t\t\t\t<div class=\"elementor-element elementor-element-4197120 elementor-widget-divider--view-line elementor-widget elementor-widget-divider\" data-id=\"4197120\" data-element_type=\"widget\" data-widget_type=\"divider.default\">\n\t\t\t\t<div class=\"elementor-widget-container\">\n\t\t\t\t\t\t\t<div class=\"elementor-divider\">\n\t\t\t<span class=\"elementor-divider-separator\">\n\t\t\t\t\t\t<\/span>\n\t\t<\/div>\n\t\t\t\t\t\t<\/div>\n\t\t\t\t<\/div>\n\t\t\t\t\t<\/div>\n\t\t<\/div>\n\t\t\t\t\t<\/div>\n\t\t<\/section>\n\t\t\t\t\t<\/div>\n\t\t<\/div>\n\t\t\t\t\t<\/div>\n\t\t<\/section>\n\t\t\t\t<\/div>","protected":false},"excerpt":{"rendered":"<p>CONT\u00c1CTANOS Nombre * Apellido * Empresa * Tel\u00e9fono * Email * Mensaje * El l\u00edmite es 100 caracteres. No se permite pegar texto. Website Alcohol &amp; Drogas (562) 29465116 Lota N\u00b0 2257, piso 9Providencia, Santiago \u2013 Chile info@globalpartners.cl<\/p>","protected":false},"author":5,"featured_media":0,"parent":0,"menu_order":0,"comment_status":"closed","ping_status":"closed","template":"","meta":{"_joinchat":[],"footnotes":""},"class_list":["post-4304","page","type-page","status-publish","hentry"],"_links":{"self":[{"href":"https:\/\/drugfreeworkplace.cl\/en\/wp-json\/wp\/v2\/pages\/4304","targetHints":{"allow":["GET"]}}],"collection":[{"href":"https:\/\/drugfreeworkplace.cl\/en\/wp-json\/wp\/v2\/pages"}],"about":[{"href":"https:\/\/drugfreeworkplace.cl\/en\/wp-json\/wp\/v2\/types\/page"}],"author":[{"embeddable":true,"href":"https:\/\/drugfreeworkplace.cl\/en\/wp-json\/wp\/v2\/users\/5"}],"replies":[{"embeddable":true,"href":"https:\/\/drugfreeworkplace.cl\/en\/wp-json\/wp\/v2\/comments?post=4304"}],"version-history":[{"count":3,"href":"https:\/\/drugfreeworkplace.cl\/en\/wp-json\/wp\/v2\/pages\/4304\/revisions"}],"predecessor-version":[{"id":4980,"href":"https:\/\/drugfreeworkplace.cl\/en\/wp-json\/wp\/v2\/pages\/4304\/revisions\/4980"}],"wp:attachment":[{"href":"https:\/\/drugfreeworkplace.cl\/en\/wp-json\/wp\/v2\/media?parent=4304"}],"curies":[{"name":"wp","href":"https:\/\/api.w.org\/{rel}","templated":true}]}}