{"id":5000,"date":"2025-04-29T12:39:05","date_gmt":"2025-04-29T16:39:05","guid":{"rendered":"https:\/\/drugfreeworkplace.cl\/?page_id=5000"},"modified":"2025-05-03T15:01:54","modified_gmt":"2025-05-03T19:01:54","slug":"encuesta-test-de-drogas","status":"publish","type":"page","link":"https:\/\/drugfreeworkplace.cl\/en\/encuesta-test-de-drogas\/","title":{"rendered":"Encuesta Test de Drogas"},"content":{"rendered":"<div data-elementor-type=\"wp-page\" data-elementor-id=\"5000\" class=\"elementor elementor-5000\" data-elementor-settings=\"{&quot;ha_cmc_init_switcher&quot;:&quot;no&quot;}\" data-elementor-post-type=\"page\">\n\t\t\t\t<div data-marvy_enable_fancy_rotate=\"false\" class=\"elementor-element elementor-element-db82ddd e-flex e-con-boxed e-con e-parent\" data-id=\"db82ddd\" data-element_type=\"container\" data-settings=\"{&quot;background_background&quot;:&quot;classic&quot;,&quot;_ha_eqh_enable&quot;:false}\">\n\t\t\t\t\t<div class=\"e-con-inner\">\n\t\t\t\t<div class=\"elementor-element elementor-element-fe4f2cc elementor-widget elementor-widget-spacer\" data-id=\"fe4f2cc\" data-element_type=\"widget\" data-widget_type=\"spacer.default\">\n\t\t\t\t<div class=\"elementor-widget-container\">\n\t\t\t\t\t\t\t<div class=\"elementor-spacer\">\n\t\t\t<div class=\"elementor-spacer-inner\"><\/div>\n\t\t<\/div>\n\t\t\t\t\t\t<\/div>\n\t\t\t\t<\/div>\n\t\t\t\t<div class=\"elementor-element elementor-element-fb240fd elementor-widget elementor-widget-wpforms\" data-id=\"fb240fd\" data-element_type=\"widget\" data-widget_type=\"wpforms.default\">\n\t\t\t\t<div class=\"elementor-widget-container\">\n\t\t\t\t\t<div class=\"wpforms-container wpforms-container-full\" id=\"wpforms-4996\"><form id=\"wpforms-form-4996\" class=\"wpforms-validate wpforms-form wpforms-ajax-form\" data-formid=\"4996\" method=\"post\" enctype=\"multipart\/form-data\" action=\"\/en\/wp-json\/wp\/v2\/pages\/5000\" data-token=\"ae509457189b63708b3a49229f9d6353\" data-trp-original-action=\"\/en\/wp-json\/wp\/v2\/pages\/5000\"><div class=\"wpforms-head-container\"><div class=\"wpforms-title\">Encuesta<\/div><\/div><noscript class=\"wpforms-error-noscript\">Please enable JavaScript in your browser to complete this form.<\/noscript><div class=\"wpforms-field-container\"><div id=\"wpforms-4996-field_4-container\" class=\"wpforms-field wpforms-field-radio wpforms-conditional-trigger\" data-field-id=\"4\"><label class=\"wpforms-field-label\" for=\"wpforms-4996-field_4\">1. \u00bfActualmente tu empresa realiza test de drogas a sus trabajadores? <span class=\"wpforms-required-label\">*<\/span><\/label><ul id=\"wpforms-4996-field_4\" class=\"wpforms-field-required\"><li class=\"choice-1 depth-1\"><input type=\"radio\" id=\"wpforms-4996-field_4_1\" name=\"wpforms[fields][4]\" value=\"S\u00ed, solo test pre ocupacionales\" required><label class=\"wpforms-field-label-inline\" for=\"wpforms-4996-field_4_1\">S\u00ed, solo test pre ocupacionales<\/label><\/li><li class=\"choice-2 depth-1\"><input type=\"radio\" id=\"wpforms-4996-field_4_2\" name=\"wpforms[fields][4]\" value=\"S\u00ed, solo test ocupacionales\" required><label class=\"wpforms-field-label-inline\" for=\"wpforms-4996-field_4_2\">S\u00ed, solo test ocupacionales<\/label><\/li><li class=\"choice-3 depth-1\"><input type=\"radio\" id=\"wpforms-4996-field_4_3\" name=\"wpforms[fields][4]\" value=\"S\u00ed, test pre ocupacionales y ocupacionales\" required><label class=\"wpforms-field-label-inline\" for=\"wpforms-4996-field_4_3\">S\u00ed, test pre ocupacionales y ocupacionales<\/label><\/li><li class=\"choice-4 depth-1\"><input type=\"radio\" id=\"wpforms-4996-field_4_4\" name=\"wpforms[fields][4]\" value=\"No\" required><label class=\"wpforms-field-label-inline\" for=\"wpforms-4996-field_4_4\">No<\/label><\/li><\/ul><\/div><div id=\"wpforms-4996-field_5-container\" class=\"wpforms-field wpforms-field-radio wpforms-conditional-field wpforms-conditional-show\" data-field-id=\"5\" style=\"display:none;\"><label class=\"wpforms-field-label\" for=\"wpforms-4996-field_5\">2. \u00bfSi tu respuesta es s\u00ed, considerar\u00edas incorporar el 2025 la detecci\u00f3n de las drogas Ketamina y\/o Fentanilo en los controles de drogas en tu empresa? <span class=\"wpforms-required-label\">*<\/span><\/label><ul id=\"wpforms-4996-field_5\" class=\"wpforms-field-required\"><li class=\"choice-1 depth-1\"><input type=\"radio\" id=\"wpforms-4996-field_5_1\" name=\"wpforms[fields][5]\" value=\"S\u00ed, ambas sustancias\" required><label class=\"wpforms-field-label-inline\" for=\"wpforms-4996-field_5_1\">S\u00ed, ambas sustancias<\/label><\/li><li class=\"choice-2 depth-1\"><input type=\"radio\" id=\"wpforms-4996-field_5_2\" name=\"wpforms[fields][5]\" value=\"Solo Ketamina\" required><label class=\"wpforms-field-label-inline\" for=\"wpforms-4996-field_5_2\">Solo Ketamina<\/label><\/li><li class=\"choice-3 depth-1\"><input type=\"radio\" id=\"wpforms-4996-field_5_3\" name=\"wpforms[fields][5]\" value=\"Solo Fentanilo\" required><label class=\"wpforms-field-label-inline\" for=\"wpforms-4996-field_5_3\">Solo Fentanilo<\/label><\/li><li class=\"choice-4 depth-1\"><input type=\"radio\" id=\"wpforms-4996-field_5_4\" name=\"wpforms[fields][5]\" value=\"No lo considerar\u00eda\" required><label class=\"wpforms-field-label-inline\" for=\"wpforms-4996-field_5_4\">No lo considerar\u00eda<\/label><\/li><\/ul><\/div><\/div><div class=\"wpforms-recaptcha-container wpforms-is-recaptcha\"><div class=\"g-recaptcha\" data-sitekey=\"6Le3IC0rAAAAAAycpuMPlG7cVya2Lj9cExoymqr3\"><\/div><input type=\"text\" name=\"g-recaptcha-hidden\" class=\"wpforms-recaptcha-hidden\" style=\"position:absolute!important;clip:rect(0,0,0,0)!important;height:1px!important;width:1px!important;border:0!important;overflow:hidden!important;padding:0!important;margin:0!important;\" required><\/div><div class=\"wpforms-submit-container\"><input type=\"hidden\" name=\"wpforms[id]\" value=\"4996\"><input type=\"hidden\" name=\"wpforms[author]\" value=\"4\"><button type=\"submit\" name=\"wpforms[submit]\" id=\"wpforms-submit-4996\" class=\"wpforms-submit\" data-alt-text=\"Enviando...\" data-submit-text=\"Enviar\" aria-live=\"assertive\" value=\"wpforms-submit\">Send<\/button><img decoding=\"async\" src=\"https:\/\/drugfreeworkplace.cl\/wp-content\/plugins\/wpforms\/assets\/images\/submit-spin.svg\" class=\"wpforms-submit-spinner\" style=\"display: none;\" width=\"26\" height=\"26\" alt=\"Loading\" title=\"\"><\/div><input type=\"hidden\" name=\"trp-form-language\" value=\"en\"\/><\/form><\/div>  <!-- .wpforms-container -->\t\t\t\t<\/div>\n\t\t\t\t<\/div>\n\t\t\t\t\t<\/div>\n\t\t\t\t<\/div>\n\t\t\t\t<\/div>","protected":false},"excerpt":{"rendered":"","protected":false},"author":4,"featured_media":0,"parent":0,"menu_order":0,"comment_status":"closed","ping_status":"closed","template":"","meta":{"_joinchat":[],"footnotes":""},"class_list":["post-5000","page","type-page","status-publish","hentry"],"_links":{"self":[{"href":"https:\/\/drugfreeworkplace.cl\/en\/wp-json\/wp\/v2\/pages\/5000","targetHints":{"allow":["GET"]}}],"collection":[{"href":"https:\/\/drugfreeworkplace.cl\/en\/wp-json\/wp\/v2\/pages"}],"about":[{"href":"https:\/\/drugfreeworkplace.cl\/en\/wp-json\/wp\/v2\/types\/page"}],"author":[{"embeddable":true,"href":"https:\/\/drugfreeworkplace.cl\/en\/wp-json\/wp\/v2\/users\/4"}],"replies":[{"embeddable":true,"href":"https:\/\/drugfreeworkplace.cl\/en\/wp-json\/wp\/v2\/comments?post=5000"}],"version-history":[{"count":13,"href":"https:\/\/drugfreeworkplace.cl\/en\/wp-json\/wp\/v2\/pages\/5000\/revisions"}],"predecessor-version":[{"id":5029,"href":"https:\/\/drugfreeworkplace.cl\/en\/wp-json\/wp\/v2\/pages\/5000\/revisions\/5029"}],"wp:attachment":[{"href":"https:\/\/drugfreeworkplace.cl\/en\/wp-json\/wp\/v2\/media?parent=5000"}],"curies":[{"name":"wp","href":"https:\/\/api.w.org\/{rel}","templated":true}]}}